{"id":1696,"date":"2021-10-15T23:08:40","date_gmt":"2021-10-15T21:08:40","guid":{"rendered":"https:\/\/wp-test.zum.de\/?page_id=1696"},"modified":"2022-03-09T14:09:10","modified_gmt":"2022-03-09T13:09:10","slug":"team","status":"publish","type":"page","link":"https:\/\/zum-portal.idea-sketch.com\/portal\/team\/","title":{"rendered":"Team"},"content":{"rendered":"\n<p>Wir sind zu 100% eine Bewegung \u201evon unten\u201c, die vom Engagement der beteiligten Lehrkr\u00e4fte sowie anderer interessierte Personen lebt und sich weitgehend ohne staatliche oder kommerzielle Zuwendungen selbst organisiert und finanziert. Als Lehrer*innen, die t\u00e4glich unterrichten, hoffen wir, diese Erfahrung in ein benutzerfreundliches Internetangebot umsetzen zu k\u00f6nnen. Hilf auch du mit, kostenlose Angebote und auch die Idee der Open Educational Resources (OER) zu verbreiten, freie Lehr- und Lernmaterialien zu erstellen und f\u00fcr andere kostenlos und offen f\u00fcr eine Weiterbearbeitung im Internet zu ver\u00f6ffentlichen! Beteilige Dich \u2013 und werde auch Mitglied!<\/p>\n\n\n\n<p>290 Mitglieder (Stand M\u00e4rz 2022) und eine Vielzahl weiterer Benutzer*innen beteiligen sich mit ganz unterschiedlichen Beitr\u00e4gen an der ZUM, z.B. mit eigenen Autorenseiten oder \u00fcber vielf\u00e4ltige Beitr\u00e4ge in den Wikis auf ZUM.de<\/p>\n\n\n\n<p><\/p>\n\n\n\n<p><\/p>\n","protected":false},"excerpt":{"rendered":"<p>Wir sind zu 100% eine Bewegung \u201evon unten\u201c, die vom Engagement der beteiligten Lehrkr\u00e4fte sowie anderer interessierte Personen lebt und sich weitgehend ohne staatliche oder kommerzielle Zuwendungen selbst organisiert und [&hellip;]<\/p>\n","protected":false},"author":2,"featured_media":0,"parent":0,"menu_order":53,"comment_status":"closed","ping_status":"closed","template":"","meta":{"gastautor_name":"","gastautor_foto":"","gastautor_funktion":"","gastautor_beschreibung":"","gastautor_css":"","testimonial_foto":"","testimonial_funktion":"","testimonial_zitat":"","testimonial_css":"","zum_angebot_logo":"","zum_angebot_farbe":"","zum_angebot_link":"","zum_angebot_beschreibung":"","footnotes":""},"class_list":["post-1696","page","type-page","status-publish","hentry"],"acf":[],"_links":{"self":[{"href":"https:\/\/zum-portal.idea-sketch.com\/portal\/wp-json\/wp\/v2\/pages\/1696","targetHints":{"allow":["GET"]}}],"collection":[{"href":"https:\/\/zum-portal.idea-sketch.com\/portal\/wp-json\/wp\/v2\/pages"}],"about":[{"href":"https:\/\/zum-portal.idea-sketch.com\/portal\/wp-json\/wp\/v2\/types\/page"}],"author":[{"embeddable":true,"href":"https:\/\/zum-portal.idea-sketch.com\/portal\/wp-json\/wp\/v2\/users\/2"}],"replies":[{"embeddable":true,"href":"https:\/\/zum-portal.idea-sketch.com\/portal\/wp-json\/wp\/v2\/comments?post=1696"}],"version-history":[{"count":5,"href":"https:\/\/zum-portal.idea-sketch.com\/portal\/wp-json\/wp\/v2\/pages\/1696\/revisions"}],"predecessor-version":[{"id":11268,"href":"https:\/\/zum-portal.idea-sketch.com\/portal\/wp-json\/wp\/v2\/pages\/1696\/revisions\/11268"}],"wp:attachment":[{"href":"https:\/\/zum-portal.idea-sketch.com\/portal\/wp-json\/wp\/v2\/media?parent=1696"}],"curies":[{"name":"wp","href":"https:\/\/api.w.org\/{rel}","templated":true}]}}